{"id":362,"date":"2024-12-16T17:33:59","date_gmt":"2024-12-16T16:33:59","guid":{"rendered":"https:\/\/cannabiscup.systems\/?page_id=362"},"modified":"2025-10-29T22:40:22","modified_gmt":"2025-10-29T21:40:22","slug":"datenschutz-bestimmungen","status":"publish","type":"page","link":"https:\/\/cannabiscup.systems\/de\/datenschutz-bestimmungen\/","title":{"rendered":"DATENSCHUTZ-BESTIMMUNGEN"},"content":{"rendered":"<div class=\"row\"  id=\"row-949534690\">\n\n\t<div id=\"col-654060649\" class=\"col small-12 large-12\"  >\n\t\t\t\t<div class=\"col-inner\"  >\n\t\t\t\n\t\t\t\n\t<div id=\"text-2999422390\" class=\"text\">\n\t\t\n<h1 class=\"alt-font\">DATENSCHUTZ-BESTIMMUNGEN<\/h1>\n\t\t\n<style>\n#text-2999422390 {\n  font-size: 2rem;\n}\n<\/style>\n\t<\/div>\n\t\n\t\t<\/div>\n\t\t\t\t\t<\/div>\n\n\t\n\n\t<div id=\"col-1482529353\" class=\"col small-12 large-12\"  >\n\t\t\t\t<div class=\"col-inner\"  >\n\t\t\t\n\t\t\t\n<p>In \u00dcbereinstimmung mit den Bestimmungen der Verordnung <b>(EU) 2016\/679 des Parlaments Europ\u00e4isches Parlament und Rat vom 27. April 2016 zum Schutz von nat\u00fcrliche Personen in Bezug auf die Verarbeitung personenbezogener Daten und die den freien Verkehr dieser Daten und die Aufhebung der Richtlinie 95\/46\/EG<\/b> (im Folgenden \u201eDSGVO\u201c) und mit den Bestimmungen <b>des Organgesetzes 3\/2018 vom 5 Dezember, Schutz personenbezogener Daten und Gew\u00e4hrleistung von Rechten<\/b> (im Folgenden LOPDGDD) informieren wir Sie nachfolgend \u00fcber unsere Politik des Datenschutzes.<\/p>\n<h4><b>Daten des Datenverantwortlichen<\/b><\/h4>\n<ul>\n<li>Firmenname: Nefos Solutions Ltd 575093<\/li>\n<li>NIF: IE3420485BH<\/li>\n<li>Postanschrift: 20 Harcourt St, Saint Kevin&#8217;s, Dublin 2, D02 PF99, Irland<\/li>\n<li>E-Mail: info@cannabiscup.systems<\/li>\n<li>Kontaktdaten des Delegierten Datenschutz (DPD): <a href=\"mailto:rgpd@cannabisclub.systems\">rgpd@cannabisclub.systems<\/a><\/li>\n<\/ul>\n<h4>Zweck, Berechtigung und Dauer der Speicherung der Daten.<\/h4>\n<p>Unten finden Sie eine Tabelle, die den Zweck der Behandlung Ihrer Person identifiziert personenbezogene Daten, d. h. der Grund, aus dem Nefos Solutions Ltd Ihre Daten verarbeitet personenbezogene Daten, die Rechtsgrundlage, die die Behandlung f\u00fcr den angegebenen Zweck und die Dauer erlaubt der Aufbewahrung Ihrer Daten.<\/p>\n<table>\n<tbody>\n<tr>\n<td>ZWECK BEHANDLUNG<\/td>\n<td><b>RECHTSGRUNDLAGE<\/b><\/td>\n<td><b>INNERHALB <\/b><b>ERHALTUNG<\/b><\/td>\n<\/tr>\n<tr>\n<td>Abfrageverwaltung vom Interessenten formuliert<\/p>\n<p>\u00fcber das Webformular Kontakt<\/p>\n<p>Wenn der Benutzer seine gegeben hat<\/p>\n<p>Zustimmung, f\u00fcr die periodischer Versand von Informationen bzgl<\/p>\n<p>Produkte und Dienstleistungen<\/p>\n<p>von Nefos angeboten L\u00f6sungen Ltd.<\/td>\n<td>Abfrageverwaltung vom Interessenten formuliert \u00fcber das Webformular Kontakt.<\/p>\n<p>Wenn der Benutzer seine gegeben hat Zustimmung, f\u00fcr die periodischer Versand von Informationen bzgl<\/p>\n<p>Produkte und Dienstleistungen von Nefos angeboten L\u00f6sungen<\/td>\n<td>Bis das Problem gel\u00f6st ist Anfrage von der Benutzer \u00fcber das Web.<\/p>\n<p>Wenn der Benutzer seine gegeben hat Zustimmung zum Versand periodische Informationen \u00fcber Produkte und Dienstleistungen angeboten von Nefos Solutions Ltd, bis gesagt Zustimmung wird widerrufen durch den Interessenten<\/td>\n<\/tr>\n<tr>\n<td>Verwaltung, wo angemessen, Ihrer<\/p>\n<p>Rechte als Betroffener.<\/td>\n<td>Die Erf\u00fcllung von a rechtliche Verpflichtung anwendbar auf Nefos Solutions Ltd.<\/td>\n<td>F\u00fcr die n\u00f6tige Zeit Anfragen zu l\u00f6sen und\/oder Forderungen.<\/td>\n<\/tr>\n<\/tbody>\n<\/table>\n<p>F\u00fcr den Fall, dass Nefos Solutions Ltd Ihre personenbezogenen Daten f\u00fcr einen anderen Zweck als die in der obigen Tabelle erfassten verarbeitet, wird Nefos Solutions Ltd Sie vor der Verarbeitung \u00fcber den Zweck derselben informieren und Ihnen alle anderen relevanten zus\u00e4tzlichen Informationen zur Verf\u00fcgung stellen in \u00dcbereinstimmung mit den geltenden Gesetzen und wird gegebenenfalls Ihre Zustimmung einholen, wenn dies zur Rechtfertigung einer rechtm\u00e4\u00dfigen Verarbeitung erforderlich ist.<\/p>\n<p>Ebenso informieren wir Sie dar\u00fcber, dass wir Ihre Daten ungeachtet der oben genannten Aufbewahrungsfristen w\u00e4hrend der vorgeschriebenen Verj\u00e4hrungsfristen aufbewahren werden, um unseren gesetzlichen Verpflichtungen nachzukommen und unsere Rechte zu wahren (gegebenenfalls einen Anspruch geltend zu machen oder abzuwehren). , auch unter Anwendung der Regelungen der Unternehmensordnung zu Archivierungsfristen und Aufbewahrungsfristen.<\/p>\n<h3>Empf\u00e4nger der Daten: Verantwortliche und Verantwortliche der Behandlung<\/h3>\n<p>Wir informieren Sie, dass Ihre Daten nicht an Dritte weitergegeben werden, au\u00dfer gesetzliche Verpflichtung. Dar\u00fcber hinaus informieren wir Sie dar\u00fcber, dass wir in bestimmten F\u00e4llen (z. B. im Fall des Unternehmens der Gruppe Nefos Solutions Ltd.) Ihre Daten an andere Unternehmen weitergeben k\u00f6nnen, die uns ihre eigenen Beratungs- und\/oder Beratungsdienste und Bankdienstleistungen anbieten , Dokumentenmanagement, Sicherheit, Reisemanagement, Computerdienste, Transport, Kommunikationsagenturen, Marketing, digitale Medien und soziale Netzwerke, die uns helfen, unsere Dienstleistungen effizient und stets unter dem Schutz der geltenden Vorschriften zu erbringen und mit denen sie in ihrer Eigenschaft Als Datenverarbeiter von Daten im Besitz von Nefos Solutions Ltd und in \u00dcbereinstimmung mit den Bestimmungen von Artikel 28 DSGVO wurde ein Vertrag formalisiert, der den Zugriff dieser Stellen auf die personenbezogenen Daten legitimiert und die Verpflichtungen enth\u00e4lt, die bei der Behandlung ber\u00fccksichtigt werden m\u00fcssen.<\/p>\n<h4>Internationale \u00dcberweisungen<\/h4>\n<p>Nefos Solutions Ltd f\u00fchrt keine internationalen \u00dcbertragungen Ihrer personenbezogenen Daten durch. Ungeachtet des Vorstehenden kann der Zugriff auf Ihre Daten durch Datenverarbeiter notwendigerweise die internationale \u00dcbermittlung von Daten nach sich ziehen, die in jedem Fall auf der Grundlage einer Angemessenheitsentscheidung (Drittland, das ein angemessenes Schutzniveau garantiert) oder durch angemessene Garantien erfolgt (Klauseln Art des Datenschutzes, verbindliche Unternehmensregeln). Diese Informationen stehen Interessenten zur Verf\u00fcgung, die diesbez\u00fcgliche Informationen per E-Mail an die Kontaktadresse des Datenschutzbeauftragten Data anfordern k\u00f6nnen.<\/p>\n<h3>Rechte des Interessenten<\/h3>\n<p>Als n\u00e4chstes informieren wir Sie dar\u00fcber, dass Sie in Bezug auf die Verarbeitung Ihrer personenbezogenen Daten das Recht haben:<\/p>\n<ul>\n<li>Um eine Best\u00e4tigung dar\u00fcber zu erhalten, ob Nefos Solutions Ltd personenbezogene Daten verarbeitet, die Sie betreffen, oder nicht.<\/li>\n<li>Zugriff, Berichtigung unrichtiger oder unvollst\u00e4ndiger Daten und gegebenenfalls L\u00f6schung Ihrer Daten zu verlangen, wenn sie unter anderem f\u00fcr die Zwecke, f\u00fcr die sie erhoben wurden, nicht mehr erforderlich sind.<\/li>\n<li>Unter bestimmten Umst\u00e4nden k\u00f6nnen Sie:\n<ul>\n<li>Fordern Sie die Einschr\u00e4nkung der Verarbeitung Ihrer Daten an, in diesem Fall werden wir sie nur aufbewahren sie zur Geltendmachung oder Abwehr von Anspr\u00fcchen.<\/li>\n<li>Aus Gr\u00fcnden, die sich aus Ihrer besonderen Situation ergeben, der Verarbeitung Ihrer Daten widersprechen, in diesem Fall werden wir die Verarbeitung einstellen, au\u00dfer aus zwingenden berechtigten Gr\u00fcnden oder zur Aus\u00fcbung oder Verteidigung m\u00f6glicher Anspr\u00fcche.<\/li>\n<\/ul>\n<\/li>\n<li>Die personenbezogenen Daten, die Sie betreffen und die Sie uns zur Verf\u00fcgung gestellt haben, in einem strukturierten Format zu erhalten, das allgemein verwendet und maschinell gelesen werden kann, und sie an einen anderen Verantwortlichen zu \u00fcbermitteln, ohne dass wir dies verhindern. In diesem Sinne k\u00f6nnen Sie verlangen, dass wir Ihre personenbezogenen Daten, sofern technisch m\u00f6glich, direkt an die von Ihnen in Ihrer Mitteilung angegebene Person \u00fcbermitteln, die f\u00fcr die Behandlung verantwortlich ist.<\/li>\n<li>Ihre Einwilligung zu widerrufen, wenn Sie Ihre Einwilligung zu einem bestimmten Zweck erteilt haben. Der Widerruf der Einwilligung ber\u00fchrt nicht die Rechtm\u00e4\u00dfigkeit der Behandlung aufgrund der Einwilligung vor ihrem Widerruf.<\/li>\n<\/ul>\n<p>Sie k\u00f6nnen Ihre Rechte jederzeit und kostenlos aus\u00fcben, indem Sie eine E-Mail an rgpd@cannabysclub.systems richten, die ein gescanntes Bild Ihres DNI, NIE oder Reisepasses beiliegt, oder durch eine schriftliche Mitteilung an NEFOS SOLUTIONS LTD, SLU, mit Sitz f\u00fcr die Zwecke der datenschutzrechtlichen Verarbeitung in 20 Harcourt St, Saint Kevin&#8217;s, Dublin 2, D02 PF99, Irland (Ref. DSGVO). Der Inhalt<\/p>\n<p>Ihre Anfrage muss Folgendes enthalten: Ihren Vor- und Nachnamen; Fotokopie Ihres nationalen Personalausweises, Reisepasses oder eines anderen g\u00fcltigen Dokuments, das Sie und gegebenenfalls die Person, die Sie vertritt, ausweist, sowie das Dokument oder elektronische Instrument, das diese Vertretung akkreditiert; Einzelheiten des gestellten Antrags und gegebenenfalls Belege dazu; Adresse f\u00fcr Benachrichtigungszwecke; Datum und Unterschrift;<\/p>\n<p>Weitere Informationen erhalten Sie auf der Website der spanischen Datenschutzbeh\u00f6rde https:\/\/www.aepd.es\/reglamento\/derechos\/index.html.<\/p>\n<p>Wenn Sie schlie\u00dflich der Meinung sind, dass die Verarbeitung Ihrer personenbezogenen Daten gegen die geltenden Vorschriften verst\u00f6\u00dft oder Sie einfach mit der Aus\u00fcbung Ihrer Rechte nicht zufrieden sind, haben Sie das Recht, bei der spanischen Datenschutzbeh\u00f6rde eine Beschwerde einzureichen, und zwar auf eine der folgenden Weisen bedeutet: (i) auf elektronischem Weg, indem Sie auf die Website https:\/\/sedeagpd.gob.es\/sede-electronicaweb\/vistas\/formNuevaReclamacion\/reclamacion.jsf gehen; (ii) pers\u00f6nlich, indem Sie sich an die Stra\u00dfe Jorge Juan, Nr. 6 (28001) in Madrid wenden.<\/p>\n\t\t<\/div>\n\t\t\t\t\t<\/div>\n\n\t\n<\/div>\n","protected":false},"excerpt":{"rendered":"","protected":false},"author":1,"featured_media":0,"parent":0,"menu_order":11,"comment_status":"closed","ping_status":"closed","template":"page-blank.php","meta":{"footnotes":""},"class_list":["post-362","page","type-page","status-publish","hentry"],"_links":{"self":[{"href":"https:\/\/cannabiscup.systems\/de\/wp-json\/wp\/v2\/pages\/362","targetHints":{"allow":["GET"]}}],"collection":[{"href":"https:\/\/cannabiscup.systems\/de\/wp-json\/wp\/v2\/pages"}],"about":[{"href":"https:\/\/cannabiscup.systems\/de\/wp-json\/wp\/v2\/types\/page"}],"author":[{"embeddable":true,"href":"https:\/\/cannabiscup.systems\/de\/wp-json\/wp\/v2\/users\/1"}],"replies":[{"embeddable":true,"href":"https:\/\/cannabiscup.systems\/de\/wp-json\/wp\/v2\/comments?post=362"}],"version-history":[{"count":2,"href":"https:\/\/cannabiscup.systems\/de\/wp-json\/wp\/v2\/pages\/362\/revisions"}],"predecessor-version":[{"id":364,"href":"https:\/\/cannabiscup.systems\/de\/wp-json\/wp\/v2\/pages\/362\/revisions\/364"}],"wp:attachment":[{"href":"https:\/\/cannabiscup.systems\/de\/wp-json\/wp\/v2\/media?parent=362"}],"curies":[{"name":"wp","href":"https:\/\/api.w.org\/{rel}","templated":true}]}}