{"id":365,"date":"2024-12-18T07:12:02","date_gmt":"2024-12-18T06:12:02","guid":{"rendered":"https:\/\/cannabiscup.systems\/?page_id=365"},"modified":"2025-10-29T22:49:04","modified_gmt":"2025-10-29T21:49:04","slug":"cookie-richtlinie","status":"publish","type":"page","link":"https:\/\/cannabiscup.systems\/de\/cookie-richtlinie\/","title":{"rendered":"Cookie-Richtlinie"},"content":{"rendered":"<div class=\"row\"  id=\"row-894179516\">\n\n\t<div id=\"col-264357556\" class=\"col small-12 large-12\"  >\n\t\t\t\t<div class=\"col-inner\"  >\n\t\t\t\n\t\t\t\n\t<div id=\"text-1570742284\" class=\"text\">\n\t\t\n<h1 class=\"alt-font uppercase\"><span data-text-color=\"primary\">Cookie<\/span>-Richtlinie<\/h1>\n\t\t\n<style>\n#text-1570742284 {\n  font-size: 2rem;\n}\n<\/style>\n\t<\/div>\n\t\n\t\t<\/div>\n\t\t\t\t\t<\/div>\n\n\t\n\n\t<div id=\"col-332315722\" class=\"col small-12 large-12\"  >\n\t\t\t\t<div class=\"col-inner\"  >\n\t\t\t\n\t\t\t\n<ol>\n<li><b> Verwendung von Cookies<\/b><\/li>\n<\/ol>\n<p>Die Website https:\/\/cannabiscup.systems\/de\/ im Besitz von Nefos Solutions Ltd mit Sitz in 20 Harcourt St, Saint Kevin&#8217;s, Dublin 2, D02 PF99, Irland, eingetragen im irischen Handelsregister unter der Firmennummer 575093, verwendet Cookies.<\/p>\n<p>Cookies sind Dateien, die beim Zugriff auf bestimmte Webseiten auf Ihren Computer heruntergeladen werden. Die Cookies erm\u00f6glichen es einer Webseite unter anderem, Informationen \u00fcber die Navigationsgewohnheiten eines Benutzers oder seines Teams zu speichern und abzurufen, und zwar abh\u00e4ngig von den darin enthaltenen Informationen und der Art und Weise, wie Sie Ihr Ger\u00e4t verwenden.<\/p>\n<p>Dar\u00fcber hinaus verbessern sie Ihren Browsing-Prozess, da sie es der Webseite erm\u00f6glichen, dem Benutzer Informationen anzubieten, die f\u00fcr Sie je nach Ihrer Nutzung von Interesse sein k\u00f6nnten, deren Inhalt.<\/p>\n<p>Wenn Sie keine Cookies erhalten m\u00f6chten, konfigurieren Sie Ihren Internetbrowser bitte so, dass er sie von der Festplatte Ihres Computers l\u00f6scht, sie blockiert oder Sie benachrichtigt, wenn sie installiert werden. Um ohne \u00c4nderungen an den Cookie-Einstellungen fortzufahren, fahren Sie einfach auf der Website fort.<\/p>\n<ol start=\"2\">\n<li><b> Zustimmung<\/b><\/li>\n<\/ol>\n<p>Die von uns verwendeten Cookies speichern weder personenbezogene Daten noch irgendeine Art von Informationen, die Sie identifizieren k\u00f6nnen, es sei denn, Sie m\u00f6chten sich freiwillig registrieren, um die Dienste zu nutzen, die wir Ihnen zur Verf\u00fcgung stellen, oder um Informationen \u00fcber Werbeaktionen und interessante Inhalte zu erhalten f\u00fcr dich.<\/p>\n<p>Wenn Sie zum ersten Mal surfen, erscheint ein erl\u00e4uterndes Banner zur Verwendung von Cookies. Sie k\u00f6nnen alle Cookies akzeptieren oder w\u00e4hlen, ob Sie nur wesentliche oder technische Cookies akzeptieren m\u00f6chten, die f\u00fcr das ordnungsgem\u00e4\u00dfe Funktionieren der Website erforderlich sind; ausgenommen Analyse- und Werbe-Cookies. Diese Einwilligung gilt f\u00fcr einen Zeitraum von 13 Monaten. Wenn Sie damit nicht einverstanden sind, k\u00f6nnen Sie eine E-Mail an\u00a0 info@cannabiscup.systems senden<\/p>\n<ol start=\"3\">\n<li><b> Arten und Zweck von Cookies<\/b><\/li>\n<\/ol>\n<p>Cookies k\u00f6nnen je nach Dauerhaftigkeit eingeteilt werden in:<\/p>\n<ul>\n<li>Permanente Cookies: Sie verfallen, je nachdem, f\u00fcr welchen Zweck sie verwendet werden (z. B. damit der Benutzer auf der Website und ihren Diensten identifiziert bleibt, oder wenn sie manuell gel\u00f6scht werden).<\/li>\n<\/ul>\n<p>Abh\u00e4ngig von ihrem Zweck k\u00f6nnen Cookies wie folgt klassifiziert werden:<\/p>\n<ul>\n<li>Performance-Cookies (technisch und personalisiert): Diese Art von Cookie merkt sich Ihre Pr\u00e4ferenzen f\u00fcr Tools, die in Diensten zu finden sind, sodass Sie den Dienst nicht bei jedem Besuch neu konfigurieren m\u00fcssen. Diese Typologie umfasst beispielsweise: Anpassungen der Lautst\u00e4rke von Video- oder Soundplayern und die Video\u00fcbertragungsgeschwindigkeiten, die mit Ihrem Browser kompatibel sind.<\/li>\n<li>Geolokalisierungs-Cookies: Diese Cookies werden verwendet, um herauszufinden, in welchem \u200b\u200bLand Sie sich befinden, wenn ein Dienst angefordert wird. Dieses Cookie ist vollst\u00e4ndig anonym und wird nur verwendet, um Inhalte auf seinen Standort auszurichten.<\/li>\n<li>Registrierungs-Cookies (technische und kundenspezifische): Registrierungs-Cookies werden generiert, sobald sich der Benutzer registriert oder anschlie\u00dfend seine Sitzung ge\u00f6ffnet hat, und werden verwendet, um ihn in den Diensten mit den folgenden Zwecken zu identifizieren:<\/li>\n<\/ul>\n<ul>\n<li aria-level=\"1\">\u00a0Den Benutzer identifiziert halten, damit Sie, wenn Sie einen Dienst, den Browser oder den Computer schlie\u00dfen und zu einem anderen Zeitpunkt oder an einem anderen Tag erneut auf diesen Dienst zugreifen, weiterhin identifiziert bleiben, wodurch Ihre Navigation erleichtert wird, ohne dass Sie sich erneut identifizieren m\u00fcssen. Diese Funktionalit\u00e4t kann gel\u00f6scht werden, wenn der Benutzer auf die Funktion \u201eAbmelden\u201c klickt, sodass dieses Cookie gel\u00f6scht wird und sich der Benutzer beim n\u00e4chsten Betreten des Dienstes erneut anmelden muss, um identifiziert zu werden.<\/li>\n<li aria-level=\"1\">\u00a0\u00dcberpr\u00fcfen Sie, ob der Benutzer berechtigt ist, auf bestimmte Dienste zuzugreifen, beispielsweise um an einem Wettbewerb teilzunehmen.<\/li>\n<\/ul>\n<ul>\n<li>Analytische Cookies: Jedes Mal, wenn ein Benutzer einen Dienst oder Informationen auf der Website oder ein Tool eines externen Anbieters (Google Analytics, Comscore und dergleichen, die dieser Liste hinzugef\u00fcgt werden k\u00f6nnen, falls sie sich von den aktuellen unterscheiden) besucht, wird eine generiert analytisches Cookie auf dem Computer des Benutzers. Dieses Cookie, das nur w\u00e4hrend des Besuchs generiert wird, wird bei zuk\u00fcnftigen Besuchen der Dienste der Website verwendet, um den Besucher anonym zu identifizieren. Die Hauptziele, die verfolgt werden, sind:<\/li>\n<\/ul>\n<ul>\n<li aria-level=\"1\">Erm\u00f6glichen Sie die anonyme Identifizierung von surfenden Benutzern durch das Cookie (identifiziert Browser und Ger\u00e4te, nicht Personen) und damit die ungef\u00e4hre Erfassung der Anzahl der Besucher und ihrer Entwicklung im Laufe der Zeit.<\/li>\n<li aria-level=\"1\">\u00a0Identifizieren Sie anonym die am h\u00e4ufigsten besuchten Inhalte und damit die attraktivsten f\u00fcr die Benutzer.<\/li>\n<li aria-level=\"1\">Wissen, ob der Benutzer, der darauf zugreift, neu ist oder den Besuch wiederholt. Wichtig: Sofern sich der Benutzer nicht entscheidet, sich bei einem Dienst oder Inhalt der Webseite zu registrieren, wird das Cookie niemals mit pers\u00f6nlichen Daten verkn\u00fcpft, die Sie identifizieren k\u00f6nnen. Diese Cookies werden nur f\u00fcr statistische Zwecke verwendet, die helfen, die Benutzererfahrung auf der Webseite zu optimieren.<\/li>\n<\/ul>\n<p>Eigene Werbe-Cookies: Sie werden verwendet, um den Eigent\u00fcmer der Webseite zu verwalten, ob ein Benutzer die enthaltene Werbung besucht hat oder nicht. Sie erm\u00f6glichen auch die Verwaltung von Werbefl\u00e4chen auf der Seite, die Daten \u00fcber das Verhalten des Benutzers in der Navigation speichert, um Werbung anbieten zu k\u00f6nnen.<\/p>\n<p>Werbe-Cookies von Drittanbietern: Zus\u00e4tzlich zu der Werbung, die von der Website in ihren Inhalten oder Diensten verwaltet wird, kann sie ihren Werbetreibenden die M\u00f6glichkeit bieten, Anzeigen \u00fcber Dritte (\u201eAdServer\u201c) zu schalten. Auf diese Weise k\u00f6nnen diese Dritten Cookies speichern, die von den Inhalten der Webseite von den Browsern der Benutzer gesendet werden, sowie auf die darin gespeicherten Daten zugreifen. Die Unternehmen, die diese Cookies generieren, haben ihre eigenen Datenschutzrichtlinien.<\/p>\n<ol start=\"4\">\n<li><b> So blockieren oder entfernen Sie installierte Cookies<\/b><\/li>\n<\/ol>\n<p>Sie k\u00f6nnen auf Ihrem Computer installierte Cookies zulassen, blockieren oder l\u00f6schen, indem Sie Ihre Browseroptionen konfigurieren. Informationen dazu, bezogen auf die g\u00e4ngigsten Browser, finden Sie unter den unten aufgef\u00fchrten Links:<\/p>\n<ul>\n<li>Explorer: <a href=\"https:\/\/support.microsoft.com\/es-es\/kb\/278835\" target=\"_blank\" rel=\"noopener\">https:\/\/support.microsoft.com\/es-es\/kb\/278835<\/a><\/li>\n<li>Chrome: <a href=\"http:\/\/support.google.com\/chrome\/bin\/answer.py?hl=es&amp;answer=95647\" target=\"_blank\" rel=\"noopener\">http:\/\/support.google.com\/chrome\/bin\/answer.py?hl=es&amp;answer=95647<\/a><\/li>\n<li>Firefox: <a href=\"https:\/\/support.mozilla.org\/es\/kb\/Borrar%20cookies\" target=\"_blank\" rel=\"noopener\">https:\/\/support.mozilla.org\/es\/kb\/Borrar%20cookies<\/a><\/li>\n<li>Safari: <a href=\"http:\/\/support.apple.com\/kb\/ph5042\" target=\"_blank\" rel=\"noopener\">http:\/\/support.apple.com\/kb\/ph5042<\/a><\/li>\n<\/ul>\n<ol start=\"5\">\n<li><b> \u00c4nderungen<\/b><\/li>\n<\/ol>\n<p>Die Website https:\/\/cannabiscup.systems\/de\/ im Besitz von Nefos Solutions Ltd mit eingetragenem Sitz in 20 Harcourt St, Saint Kevin&#8217;s, Dublin 2, D02 PF99, Irland, eingetragen im Unternehmensregister auf tomofolio, kann diese Cookie-Richtlinie auf Grundlage der gesetzlichen Bestimmungen \u00e4ndern Anforderungen oder um diese Richtlinie an die Anweisungen der spanischen Datenschutzbeh\u00f6rde anzupassen.<\/p>\n<p>Aus diesem Grund empfehlen wir den Benutzern, sie regelm\u00e4\u00dfig zu besuchen. Wenn \u00c4nderungen an dieser Cookie-Richtlinie auftreten, werden sie den Benutzern entweder \u00fcber das Internet oder per E-Mail an registrierte Benutzer mitgeteilt.<\/p>\n<p>Diese Cookie-Richtlinie wurde am 1. Januar 2020 aktualisiert, um sie an die Verordnung (EU) 2016\/679 des Europ\u00e4ischen Parlaments und des Rates vom 27. April 2016 zum Schutz von Personen bei der Verarbeitung personenbezogener Daten und deren freien Verkehr anzupassen Daten (DSGVO).<\/p>\n\t\t<\/div>\n\t\t\t\t\t<\/div>\n\n\t\n<\/div>\n","protected":false},"excerpt":{"rendered":"","protected":false},"author":1,"featured_media":0,"parent":0,"menu_order":12,"comment_status":"closed","ping_status":"closed","template":"page-blank.php","meta":{"footnotes":""},"class_list":["post-365","page","type-page","status-publish","hentry"],"_links":{"self":[{"href":"https:\/\/cannabiscup.systems\/de\/wp-json\/wp\/v2\/pages\/365","targetHints":{"allow":["GET"]}}],"collection":[{"href":"https:\/\/cannabiscup.systems\/de\/wp-json\/wp\/v2\/pages"}],"about":[{"href":"https:\/\/cannabiscup.systems\/de\/wp-json\/wp\/v2\/types\/page"}],"author":[{"embeddable":true,"href":"https:\/\/cannabiscup.systems\/de\/wp-json\/wp\/v2\/users\/1"}],"replies":[{"embeddable":true,"href":"https:\/\/cannabiscup.systems\/de\/wp-json\/wp\/v2\/comments?post=365"}],"version-history":[{"count":2,"href":"https:\/\/cannabiscup.systems\/de\/wp-json\/wp\/v2\/pages\/365\/revisions"}],"predecessor-version":[{"id":367,"href":"https:\/\/cannabiscup.systems\/de\/wp-json\/wp\/v2\/pages\/365\/revisions\/367"}],"wp:attachment":[{"href":"https:\/\/cannabiscup.systems\/de\/wp-json\/wp\/v2\/media?parent=365"}],"curies":[{"name":"wp","href":"https:\/\/api.w.org\/{rel}","templated":true}]}}