{"id":368,"date":"2024-12-17T17:15:53","date_gmt":"2024-12-17T16:15:53","guid":{"rendered":"https:\/\/cannabiscup.systems\/?page_id=368"},"modified":"2025-10-29T22:52:37","modified_gmt":"2025-10-29T21:52:37","slug":"rechtlicher-hinweis","status":"publish","type":"page","link":"https:\/\/cannabiscup.systems\/de\/rechtlicher-hinweis\/","title":{"rendered":"Rechtlicher Hinweis"},"content":{"rendered":"<div class=\"row\"  id=\"row-1725642658\">\n\n\t<div id=\"col-132607473\" class=\"col small-12 large-12\"  >\n\t\t\t\t<div class=\"col-inner\"  >\n\t\t\t\n\t\t\t\n\t<div id=\"text-726645996\" class=\"text\">\n\t\t\n<h1 class=\"alt-font uppercase\">Rechtlicher Hinweis<\/h1>\n\t\t\n<style>\n#text-726645996 {\n  font-size: 2rem;\n}\n<\/style>\n\t<\/div>\n\t\n\t\t<\/div>\n\t\t\t\t\t<\/div>\n\n\t\n\n\t<div id=\"col-1443529495\" class=\"col small-12 large-12\"  >\n\t\t\t\t<div class=\"col-inner\"  >\n\t\t\t\n\t\t\t\n<h3>Identifikationsdaten<\/h3>\n<p>Bitte besuchen Sie die Website https:\/\/cannabiscup.systems\/de\/ im Besitz von Nefos Solutions Ltd, Hauptsitz legale in 20 Harcourt St, Saint Kevin&#8217;s, Dublino 2, D02 PF99, Irland, mit der Steuernummer IE3420485BH, eingetragen bei der Irish Printing Registry unter der Nummer 575093 (che in diesem Dokument bezeichnet &lt;&lt;<b>der Titel<\/b>&gt;&gt;).<\/p>\n<p>Die T\u00e4tigkeit unterliegt keiner pr\u00e4ventiven administrativen Selbstregulierung. Sie k\u00f6nnen sich an IL wenden TITLE mit einer der folgenden Bedeutungen:<\/p>\n<p>Kontakt-E-Mail: info@nefosolutions.com<\/p>\n<h3>Web-Hosting<\/h3>\n<ul>\n<li>Nefos Solutions Ltd.<\/li>\n<li>20 Harcourt St, Saint Kevin&#8217;s, Dublino 2, D02 PF99, Irland<\/li>\n<li>Telefon: +34644441092<\/li>\n<li>Kontakt-E-Mail: info@nefosolutions.com<\/li>\n<\/ul>\n<h3>Utensilien<\/h3>\n<p>Diese Bedingungen (im Anschluss an den rechtlichen Hinweis) haben keinen Geltungsbereich, um die Nutzung der EL TITOLARE-Website zu regeln che der \u00d6ffentlichkeit zug\u00e4nglich gemacht. Der Zugriff und\/oder die Nutzung dieser Website der TITOLARE<\/p>\n<p>Zuschreibung der Bedingung des EIGENT\u00dcMERS, die er akzeptiert, gew\u00e4hrt solchen Zugang und\/oder Nutzung, die allgemeinen Nutzungsbedingungen die sich melden Diese Bedingungen gelten nicht unabh\u00e4ngig von den Allgemeinen Gesch\u00e4ftsbedingungen von [\u2026]\n<h3>Nutzung des Portals<\/h3>\n<p>https:\/\/cannabiscup.systems\/de\/ bietet Zugriff auf eine Vielzahl von Informationen, Diensten und Programmen o Daten (di seguito, &#8222;i content&#8220;) su Internet appartenenti al TITOLARE o ai suoi licenziatari a cui der LIZENZNEHMER kann beitreten. DER LIZENZNEHMER \u00fcbernimmt die Verantwortung f\u00fcr die Nutzung der Website CannabisCupSystems. Verantwortlich hierf\u00fcr ist, ob Sie \u00fcber die f\u00fcr den Zugang erforderliche Registrierung verf\u00fcgen bestimmte Dienste oder Inhalte. Bei dieser Registrierung ist die UTENT f\u00fcr die bereitgestellten Informationen verantwortlich reali e lecite Als Folge der Registrierung kann all&#8217;UTETE ein Passwort zugeteilt warden cui sar\u00e0 responsabile, impegnandosi farlo farne eine gewissenhafte und zur\u00fcckhaltende Nutzung.<\/p>\n<p>THE UTENT bestreitet eine angemessene Nutzung der Inhalte und der Dienste (z. B. Chat-Dienste, Forum di Diskussion oder Newsgroup), die THE HOLDER \u00fcber seine Website Cannabis Cup Systems anbietet und (sogar ma nicht beschr\u00e4nkt auf), nicht verwendet von:<\/p>\n<h3>Nutzung des Portals<\/h3>\n<p>https:\/\/cannabiscup.systems\/ bietet Zugang zu einer Vielzahl von Informationen, Diensten, Programmen bzw Daten (im Folgenden \u201eInhalte\u201c) im Internet, die dem INHABER oder seinen Lizenzgebern geh\u00f6ren auf die der BENUTZER zugreifen kann.<\/p>\n<p>Der NUTZER \u00fcbernimmt die Verantwortung f\u00fcr die Nutzung der Website von Cannabis Cup Systems. Besagte Verantwortung Sie erstreckt sich auf die Registrierung, die f\u00fcr den Zugriff auf bestimmte Dienste oder Inhalte erforderlich ist. In besagter Registrierung ist der BENUTZER daf\u00fcr verantwortlich, echte und rechtm\u00e4\u00dfige Informationen bereitzustellen. Als Folge Davon Registrierung kann dem NUTZER ein Passwort zugeteilt werden, f\u00fcr das er verantwortlich ist und sich verpflichtet sorgf\u00e4ltig und vertraulich davon Gebrauch machen.<\/p>\n<p>Der NUTZER verpflichtet sich, die Inhalte und Dienste (z. B. Chat-Dienste, Diskussionsforen oder Newsgroups), die THE HOLDER \u00fcber seine Website Cannabis Cup Systems anbietet und (einschlie\u00dflich, aber nicht beschr\u00e4nkt auf), sie nicht zu verwenden, um:<\/p>\n<ul>\n<li>Unerlaubte, rechtswidrige oder gegen Treu und Glauben und die \u00f6ffentliche Ordnung versto\u00dfende Aktivit\u00e4ten durchf\u00fchren<\/li>\n<li>Verbreitung von Inhalten oder Propaganda rassistischer, fremdenfeindlicher, pornographisch-illegaler Art zur Unterst\u00fctzung vonTerrorismus oder Menschenrechtsverletzungen<\/li>\n<li>Sch\u00e4den an den physischen und logischen Systemen des INHABERS, seiner Lieferanten oder Dritter verursachen<br \/>\nMenschen, Computerviren oder andere physische oder Logik, die geeignet ist, den vorgenannten Schaden zu verursachen<\/li>\n<li>Versuchen Sie, auf die E-Mail-Konten anderer Benutzer zuzugreifen und diese gegebenenfalls zu verwenden und zu \u00e4ndern oder manipulieren Sie Ihre Nachrichten<\/li>\n<li>Verwenden Sie die Website oder die darin enthaltenen Informationen f\u00fcr kommerzielle, politische, Werbung und f\u00fcr jegliche kommerzielle Nutzung, insbesondere das Versenden von unverlangten E-Mails.<\/li>\n<\/ul>\n<p>DER EIGENT\u00dcMER hat das Recht, alle Kommentare und Beitr\u00e4ge zur\u00fcckzuziehen, die gegen Respekt versto\u00dfen die W\u00fcrde der Person, die diskriminierend, fremdenfeindlich, rassistisch, pornographisch, verletzend sind Jugend oder Kindheit, Ordnung oder \u00f6ffentliche Sicherheit oder die seiner Meinung nach nicht f\u00fcr ihn geeignet sind Ver\u00f6ffentlichung. In keinem Fall ist THE HOLDER f\u00fcr die von den Benutzern ge\u00e4u\u00dferten Meinungen verantwortlich \u00fcber Foren, Chats oder andere Teilnahme-Tools.<\/p>\n<h3>Datenschutz<\/h3>\n<p>Alles, was mit der Datenschutzrichtlinie zu tun hat, ist in der Datenschutzrichtlinie enthalten Privatsph\u00e4re.<\/p>\n<h3>Inhalt. Geistiges und gewerbliches Eigentum<\/h3>\n<p>DER EIGENT\u00dcMER ist Eigent\u00fcmer aller geistigen und gewerblichen Eigentumsrechte seiner Website, sowie die darin enthaltenen Elemente (beispielhaft: Bilder, Fotografien, Ton,<\/p>\n<p>Audio, Video, Software oder Texte; Marken oder Logos, Farbkombinationen, Struktur und Design, Auswahl verwendeter Materialien, Computerprogramme, die f\u00fcr den Betrieb, den Zugang und die Nutzung erforderlich sind usw.), Eigentum des EIGENT\u00dcMERS oder seiner Lizenzgeber.<\/p>\n<p>Alle Rechte vorbehalten. In \u00dcbereinstimmung mit den Bestimmungen der Artikel 8 und 32.1, zweiter Absatz des das Gesetz \u00fcber geistiges Eigentum, die Vervielf\u00e4ltigung, Verbreitung und \u00f6ffentliche Wiedergabe, einschlie\u00dflich der Art und Weise ihrer Bereitstellung, ganz oder teilweise<\/p>\n<p>Inhalte dieser Webseite, zu kommerziellen Zwecken, in jeglicher Form und mit jeglichen technischen Mitteln, ohne Genehmigung des EIGENT\u00dcMERS.<\/p>\n<p>Der BENUTZER verpflichtet sich, die Rechte an geistigem und gewerblichem Eigentum von zu respektieren \u00dcBERSCHRIFT. Sie k\u00f6nnen die Elemente der Website von Cannabis Cup Systems anzeigen und sogar drucken, kopieren und<\/p>\n<p>Speichern Sie sie nur so lange auf der Festplatte Ihres Computers oder auf einem anderen physischen Tr\u00e4ger und ausschlie\u00dflich f\u00fcr Ihren pers\u00f6nlichen und privaten Gebrauch. Der NUTZER darf nicht l\u00f6schen, ver\u00e4ndern, ausweichen oder Manipulation von Schutzvorrichtungen oder Sicherheitssystemen, die auf den Seiten installiert wurden des EIGENT\u00dcMERS.<\/p>\n<h3>Ausschluss von Gew\u00e4hrleistung und Haftung<\/h3>\n<p>Der NUTZER erkennt an, dass die Nutzung der Website und ihrer Inhalte und Dienste erfolgt unter Ihrer alleinigen Verantwortung. Beispielsweise geht THE OWNER insbesondere nicht davon aus keine Haftung in folgenden Bereichen:<\/p>\n<ol>\n<li>Die Verf\u00fcgbarkeit im Betrieb der Webseite, ihrer Dienste und Inhalte und ihrer Qualit\u00e4t bzw Interoperabilit\u00e4t.<\/li>\n<li>Der Zweck, f\u00fcr den die Webseite den Zielen des BENUTZERS dient.<\/li>\n<li>Verletzung geltender Gesetze durch den BENUTZER oder Dritte und insbesondere der Rechte geistiges oder gewerbliches Eigentum anderer Personen oder Organisationen.<\/li>\n<li>Das Vorhandensein von b\u00f6sartigem Code oder anderen sch\u00e4dlichen Computerelementen, die dazu f\u00fchren k\u00f6nnten Sch\u00e4den am Computersystem des NUTZERS oder Dritter. Es liegt in jedem Fall in der Verantwortung des BENUTZERS, \u00fcber angemessene Werkzeuge zum Nachweis und zur Desinfektion dieser Elemente verf\u00fcgen.<\/li>\n<li>betr\u00fcgerischer Zugriff auf Inhalte oder Dienste durch unbefugte Dritte oder gegebenenfalls Erfassung, L\u00f6schen, \u00c4ndern, Modifizieren oder Manipulieren von Nachrichten und Mitteilungen jeglicher Art die besagte Dritte durchf\u00fchren k\u00f6nnten.<\/li>\n<li>Die Genauigkeit, Wahrhaftigkeit, Aktualit\u00e4t und N\u00fctzlichkeit der angebotenen Inhalte und Dienste sowie deren Nutzung sp\u00e4ter, dass der NUTZER daraus macht. DER INHABER wird alle angemessenen Anstrengungen und Mittel unternehmen um aktuelle und verl\u00e4ssliche Informationen bereitzustellen.<\/li>\n<li>Sch\u00e4den an der Computerausr\u00fcstung w\u00e4hrend des Zugriffs auf die Website und Sch\u00e4den an NUTZER, wenn sie von Ausf\u00e4llen oder Unterbrechungen in Telekommunikationsnetzen herr\u00fchren den Dienst unterbrechen.<\/li>\n<li>Verluste oder Sch\u00e4den, die aus Umst\u00e4nden resultieren, die durch ein zuf\u00e4lliges Ereignis oder h\u00f6here Gewalt verursacht wurden<\/li>\n<\/ol>\n<p>F\u00fcr den Fall, dass es Foren gibt, ist bei der Nutzung gleicher oder \u00e4hnlicher R\u00e4ume zu ber\u00fccksichtigen, dass Die Nachrichten geben ausschlie\u00dflich die Meinung des BENUTZERS wieder, der sie sendet und der allein daf\u00fcr verantwortlich ist. DIE \/ Der EIGENT\u00dcMER ist nicht verantwortlich f\u00fcr den Inhalt der vom BENUTZER gesendeten Nachrichten.<\/p>\n<h3>\u00c4nderung dieses rechtlichen Hinweises und Dauer<\/h3>\n<p>DER INHABER beh\u00e4lt sich das Recht vor, ohne vorherige Ank\u00fcndigung \u00c4nderungen vorzunehmen, die er f\u00fcr erforderlich h\u00e4lt.<\/p>\n<p>Angemessen auf der Website von Cannabis Cup Systems, in der Lage zu sein, sowohl die Inhalte zu \u00e4ndern, zu l\u00f6schen oder hinzuzuf\u00fcgen, als auch<\/p>\n<p>Dienstleistungen, die durch sie bereitgestellt werden, sowie die Art und Weise, in der sie dargestellt werden oder erscheinen befindet sich auf der Website von Cannabis Cup Systems.<\/p>\n<p>Die G\u00fcltigkeit der vorgenannten Bedingungen h\u00e4ngt von ihrer Exposition ab und gilt, bis sie es sind ge\u00e4ndert durch andere ordnungsgem\u00e4\u00df ver\u00f6ffentlicht.<\/p>\n<h3>Verkn\u00fcpfungen<\/h3>\n<p>F\u00fcr den Fall, dass https:\/\/cannabiscup.systems\/ Links oder Hyperlinks zu anderen Seiten von Internet, \u00fcbt DER INHABER keinerlei Kontrolle \u00fcber diese Seiten und Inhalte aus. In keinem Fall DER INHABER \u00fcbernimmt die Verantwortung f\u00fcr die Inhalte aller Links, die zu einer Website geh\u00f6ren der Website eines anderen, noch wird sie die technische Verf\u00fcgbarkeit, Qualit\u00e4t, Zuverl\u00e4ssigkeit, Genauigkeit, Breite, Wahrhaftigkeit, G\u00fcltigkeit und Verfassungsm\u00e4\u00dfigkeit aller darin enthaltenen Materialien oder Informationen Hyperlinks oder andere Internetseiten. Ebenso wird die Einbeziehung dieser externen Verbindungen nicht impliziert jede Art von Vereinigung, Fusion oder Beteiligung mit den verbundenen Unternehmen.<\/p>\n<h3>Ausschlussrecht<\/h3>\n<p>DER INHABER beh\u00e4lt sich das Recht vor, den Zugriff auf die Website von Cannabis Cup Systems zu verweigern oder zu widerrufen und\/oder die angebotenen Dienste ohne vorherige Ank\u00fcndigung, auf eigenen Wunsch oder den eines Dritten, an diese weiterzugeben Benutzer, die den Inhalt dieses rechtlichen Hinweises nicht einhalten.<\/p>\n<h3>Allgemeines<\/h3>\n<p>DER INHABER wird den Versto\u00df gegen diese Bedingungen sowie jede missbr\u00e4uchliche Verwendung strafrechtlich verfolgen der Cannabis Cup Systems-Website, wobei alle zivil- und strafrechtlichen Ma\u00dfnahmen ergriffen warden rechtlich entsprechen.<\/p>\n<h3>Anwendbares Recht und Gerichtsstand<\/h3>\n<p>Die Beziehung zwischen DEM INHABER und dem BENUTZER unterliegt den geltenden spanischen Vorschriften. Alles Streitigkeiten und Anspr\u00fcche, die sich aus diesem rechtlichen Hinweis ergeben, werden von Gerichten und Gerichtsh\u00f6fen beigelegt kompetent.<\/p>\n<p>Diese Cookie-Richtlinie wurde am 1. Dezember 2022 aktualisiert, um sie an die Verordnung (EU) 2016\/679 des Europ\u00e4ischen Parlaments und des Rates vom 27. April 2016 zum Schutz von nat\u00fcrliche Personen bei der Verarbeitung personenbezogener Daten und dem freien Datenverkehr (DSGVO).<\/p>\n\t\t<\/div>\n\t\t\t\t\t<\/div>\n\n\t\n<\/div>\n","protected":false},"excerpt":{"rendered":"","protected":false},"author":1,"featured_media":0,"parent":0,"menu_order":10,"comment_status":"closed","ping_status":"closed","template":"page-blank.php","meta":{"footnotes":""},"class_list":["post-368","page","type-page","status-publish","hentry"],"_links":{"self":[{"href":"https:\/\/cannabiscup.systems\/de\/wp-json\/wp\/v2\/pages\/368","targetHints":{"allow":["GET"]}}],"collection":[{"href":"https:\/\/cannabiscup.systems\/de\/wp-json\/wp\/v2\/pages"}],"about":[{"href":"https:\/\/cannabiscup.systems\/de\/wp-json\/wp\/v2\/types\/page"}],"author":[{"embeddable":true,"href":"https:\/\/cannabiscup.systems\/de\/wp-json\/wp\/v2\/users\/1"}],"replies":[{"embeddable":true,"href":"https:\/\/cannabiscup.systems\/de\/wp-json\/wp\/v2\/comments?post=368"}],"version-history":[{"count":2,"href":"https:\/\/cannabiscup.systems\/de\/wp-json\/wp\/v2\/pages\/368\/revisions"}],"predecessor-version":[{"id":370,"href":"https:\/\/cannabiscup.systems\/de\/wp-json\/wp\/v2\/pages\/368\/revisions\/370"}],"wp:attachment":[{"href":"https:\/\/cannabiscup.systems\/de\/wp-json\/wp\/v2\/media?parent=368"}],"curies":[{"name":"wp","href":"https:\/\/api.w.org\/{rel}","templated":true}]}}