{"id":294,"date":"2024-12-18T07:12:02","date_gmt":"2024-12-18T06:12:02","guid":{"rendered":"https:\/\/cannabiscup.systems\/?page_id=294"},"modified":"2025-10-29T20:15:29","modified_gmt":"2025-10-29T19:15:29","slug":"politica-de-cookies","status":"publish","type":"page","link":"https:\/\/cannabiscup.systems\/pt-br\/politica-de-cookies\/","title":{"rendered":"Pol\u00edtica de Cookies"},"content":{"rendered":"<div class=\"row\"  id=\"row-1455907286\">\n\n\t<div id=\"col-2010615088\" class=\"col small-12 large-12\"  >\n\t\t\t\t<div class=\"col-inner\"  >\n\t\t\t\n\t\t\t\n\t<div id=\"text-1049108421\" class=\"text\">\n\t\t\n<h1 class=\"alt-font\"><span data-text-color=\"primary\">POL\u00cdTICA <\/span> DE COOKIES<\/h1>\n\t\t\n<style>\n#text-1049108421 {\n  font-size: 2rem;\n}\n<\/style>\n\t<\/div>\n\t\n\t\t<\/div>\n\t\t\t\t\t<\/div>\n\n\t\n\n\t<div id=\"col-1518376829\" class=\"col small-12 large-12\"  >\n\t\t\t\t<div class=\"col-inner\"  >\n\t\t\t\n\t\t\t\n<p>Em conformidade com a Lei 34\/2002, de 11 de julho, sobre servi\u00e7os da sociedade da informa\u00e7\u00e3o e com\u00e9rcio eletr\u00f4nico (LSSI), modificada no seu art. 22 pelo art. 4.3 pertencente ao T\u00edtulo II Modifica\u00e7\u00f5es relativas \u00e0 transposi\u00e7\u00e3o de Diretivas em mat\u00e9ria de Telecomunica\u00e7\u00f5es e Sociedade da Informa\u00e7\u00e3o do Real Decreto Lei 13\/2012, de 30 de mar\u00e7o, pelo qual se transp\u00f5em diretivas em mat\u00e9ria de comunica\u00e7\u00f5es eletr\u00f4nicas, o informa sobre a utiliza\u00e7\u00e3o de cookies no site https:\/\/cannabisclub.systems, propriedade da Cannabis Club Systems.<\/p>\n<h4>O QUE S\u00c3O COOKIES?<\/h4>\n<p>Um cookie \u00e9 um arquivo que \u00e9 baixado no disco r\u00edgido do seu computador ao acessar determinadas p\u00e1ginas da web ou aplicativos. Os cookies permitem, entre outras coisas, coletar informa\u00e7\u00f5es estat\u00edsticas, facilitar certas funcionalidades t\u00e9cnicas, armazenar e recuperar informa\u00e7\u00f5es sobre os h\u00e1bitos de navega\u00e7\u00e3o ou prefer\u00eancias de um usu\u00e1rio ou de seu equipamento e, dependendo das informa\u00e7\u00f5es que cont\u00eam e da forma como voc\u00ea utiliza seu equipamento, podem ser utilizados para reconhecer o usu\u00e1rio. Tenha em conta que os cookies n\u00e3o podem danificar o seu equipamento e que, em contrapartida, o facto de estarem ativados ajuda-nos a identificar e resolver poss\u00edveis erros.<\/p>\n<p>As informa\u00e7\u00f5es que fornecemos a seguir ajudar\u00e3o voc\u00ea a entender os diferentes tipos de cookies:<\/p>\n<ul>\n<li aria-level=\"1\"><b>Cookies de sess\u00e3o<\/b>: s\u00e3o cookies tempor\u00e1rios que permanecem no arquivo de cookies do seu navegador at\u00e9 voc\u00ea sair do site, portanto, nenhum fica registrado no disco r\u00edgido do usu\u00e1rio. As informa\u00e7\u00f5es obtidas por meio desses cookies servem para analisar padr\u00f5es de tr\u00e1fego na web. A longo prazo, isso nos permite oferecer uma melhor experi\u00eancia para melhorar o conte\u00fado e facilitar seu uso.<\/li>\n<li aria-level=\"1\"><b>Cookies permanentes<\/b>: s\u00e3o armazenados no disco r\u00edgido e o nosso site os l\u00ea cada vez que voc\u00ea faz uma nova visita. Um cookie permanente tem uma data de expira\u00e7\u00e3o determinada. O cookie deixar\u00e1 de funcionar ap\u00f3s essa data.<\/li>\n<\/ul>\n<h4>TIPO DE COOKIES<\/h4>\n<p>Este site utiliza os cookies detalhados a seguir:<\/p>\n<ul>\n<li aria-level=\"1\"><b>Cookies t\u00e9cnicos <\/b>necess\u00e1rios ou convenientes para a presta\u00e7\u00e3o de determinados servi\u00e7os. Se forem desativados, voc\u00ea n\u00e3o poder\u00e1 receber corretamente o conte\u00fado do site.<\/li>\n<li aria-level=\"1\"><b>Cookies anal\u00edticos<\/b>, que permitem a medi\u00e7\u00e3o e an\u00e1lise da navega\u00e7\u00e3o nas p\u00e1ginas web.<\/li>\n<li aria-level=\"1\"><b>Cookies de redes sociais externas<\/b>, que s\u00e3o utilizados para que os visitantes possam interagir com o conte\u00fado de diferentes plataformas sociais (Facebook, Twitter, Instagram). As condi\u00e7\u00f5es de utiliza\u00e7\u00e3o destes cookies e as informa\u00e7\u00f5es recolhidas s\u00e3o reguladas pela pol\u00edtica de privacidade da plataforma social correspondente.<\/li>\n<\/ul>\n<p>ACEITA\u00c7\u00c3O DE COOKIES<\/p>\n<p>Se voc\u00ea continuar sua navega\u00e7\u00e3o ap\u00f3s ter sido informado sobre a Pol\u00edtica de Cookies, entenderemos que voc\u00ea aceita o uso de cookies pelo nosso site. No entanto, se desejar, voc\u00ea pode alterar a configura\u00e7\u00e3o do seu navegador para aceitar ou n\u00e3o os cookies que recebe ou para que o navegador o avise quando um servidor quiser salvar um cookie.<\/p>\n<h4>DESATIVAR COOKIES<\/h4>\n<p>Para saber como desativar os cookies do seu navegador, indicamos os passos a seguir nos principais navegadores:<\/p>\n<ul>\n<li class=\"bullet-arrow\"><strong>Microsoft Edge<\/strong>: Ferramentas \u2192 Op\u00e7\u00f5es da Internet \u2192 Privacidade \u2192 Configura\u00e7\u00e3o. Para obter mais informa\u00e7\u00f5es, voc\u00ea pode consultar o suporte da Microsoft ou a Ajuda do navegador.<\/li>\n<li class=\"bullet-arrow\"><strong>Firefox<\/strong>: Ferramentas \u2192 Op\u00e7\u00f5es \u2192 Privacidade \u2192 Hist\u00f3rico \u2192 Configura\u00e7\u00e3o personalizada. Para obter mais informa\u00e7\u00f5es, consulte o suporte da Mozilla ou a Ajuda do navegador.<\/li>\n<li class=\"bullet-arrow\"><strong>Chrome<\/strong>: Configura\u00e7\u00f5es \u2192 Mostrar op\u00e7\u00f5es avan\u00e7adas \u2192 Privacidade \u2192 Configura\u00e7\u00f5es de conte\u00fado. Para mais informa\u00e7\u00f5es, consulte o suporte da Google ou a Ajuda do navegador.<\/li>\n<li class=\"bullet-arrow\"><strong>Safari<\/strong>: Prefer\u00eancias \u2192 Seguran\u00e7a. Para mais informa\u00e7\u00f5es, consulte o suporte da Apple ou a Ajuda do navegador.<\/li>\n<\/ul>\n\t\t<\/div>\n\t\t\t\t\t<\/div>\n\n\t\n<\/div>\n","protected":false},"excerpt":{"rendered":"","protected":false},"author":1,"featured_media":0,"parent":0,"menu_order":12,"comment_status":"closed","ping_status":"closed","template":"page-blank.php","meta":{"footnotes":""},"class_list":["post-294","page","type-page","status-publish","hentry"],"_links":{"self":[{"href":"https:\/\/cannabiscup.systems\/pt-br\/wp-json\/wp\/v2\/pages\/294","targetHints":{"allow":["GET"]}}],"collection":[{"href":"https:\/\/cannabiscup.systems\/pt-br\/wp-json\/wp\/v2\/pages"}],"about":[{"href":"https:\/\/cannabiscup.systems\/pt-br\/wp-json\/wp\/v2\/types\/page"}],"author":[{"embeddable":true,"href":"https:\/\/cannabiscup.systems\/pt-br\/wp-json\/wp\/v2\/users\/1"}],"replies":[{"embeddable":true,"href":"https:\/\/cannabiscup.systems\/pt-br\/wp-json\/wp\/v2\/comments?post=294"}],"version-history":[{"count":1,"href":"https:\/\/cannabiscup.systems\/pt-br\/wp-json\/wp\/v2\/pages\/294\/revisions"}],"predecessor-version":[{"id":295,"href":"https:\/\/cannabiscup.systems\/pt-br\/wp-json\/wp\/v2\/pages\/294\/revisions\/295"}],"wp:attachment":[{"href":"https:\/\/cannabiscup.systems\/pt-br\/wp-json\/wp\/v2\/media?parent=294"}],"curies":[{"name":"wp","href":"https:\/\/api.w.org\/{rel}","templated":true}]}}