{"id":296,"date":"2024-12-16T17:33:59","date_gmt":"2024-12-16T16:33:59","guid":{"rendered":"https:\/\/cannabiscup.systems\/?page_id=296"},"modified":"2025-10-29T20:21:05","modified_gmt":"2025-10-29T19:21:05","slug":"politica-de-privacidade","status":"publish","type":"page","link":"https:\/\/cannabiscup.systems\/pt-br\/politica-de-privacidade\/","title":{"rendered":"Pol\u00edtica de Privacidade"},"content":{"rendered":"\n\t<section class=\"section dark\" id=\"section_207245224\">\n\t\t<div class=\"section-bg fill\" >\n\t\t\t\t\t\t\t\t\t\n\t\t\t\n\n\t\t<\/div>\n\n\t\t\n\n\t\t<div class=\"section-content relative\">\n\t\t\t\n<div class=\"row\"  id=\"row-869386032\">\n\n\t<div id=\"col-689670159\" class=\"col small-12 large-12\"  >\n\t\t\t\t<div class=\"col-inner\"  >\n\t\t\t\n\t\t\t\n\t<div id=\"text-199653488\" class=\"text\">\n\t\t\n<h1 class=\"alt-font\"><span data-text-color=\"primary\">POL\u00cdTICA <\/span> DE PRIVACIDADE<\/h1>\n\t\t\n<style>\n#text-199653488 {\n  font-size: 2rem;\n}\n<\/style>\n\t<\/div>\n\t\n\t\t<\/div>\n\t\t\t\t\t<\/div>\n\n\t\n\n\t<div id=\"col-1230158337\" class=\"col small-12 large-12\"  >\n\t\t\t\t<div class=\"col-inner\"  >\n\t\t\t\n\t\t\t\n<h3>Pol\u00edtica de Privacidade e Prote\u00e7\u00e3o de Dados<\/h3>\n<p>Esta pol\u00edtica de privacidade estabelece a forma como ser\u00e3o geridos os dados pessoais que o interessado nos fornecer, seja por e-mail, formul\u00e1rios web ou por qualquer outro meio.<\/p>\n<p>Para efeitos do disposto no artigo 13.\u00ba do Regulamento (UE) 2016\/679 do Parlamento Europeu e do Conselho, relativo \u00e0 prote\u00e7\u00e3o das pessoas singulares no que diz respeito ao tratamento de dados pessoais, informamos de forma clara e transparente os dados do respons\u00e1vel por este site:<\/p>\n<p>DADOS DE IDENTIFICA\u00c7\u00c3O E CONTATO DO RESPONS\u00c1VEL PELO TRATAMENTO.<\/p>\n<ul>\n<li class=\"bullet-arrow\"><strong>Nome da empresa<\/strong>: NEFOS SOLUTIONS<\/li>\n<li class=\"bullet-arrow\"><strong>N\u00famero da empresa<\/strong>: 575093 \u2013 N0073291G.<\/li>\n<li class=\"bullet-arrow\"><strong>Endere\u00e7o<\/strong>: 20 Harcourt St, Saint Kevin\u2019s. Dublin 2, D02 PF99 Irlanda<\/li>\n<li class=\"bullet-arrow\"><strong>Seu e-mail de contato<\/strong>: info@nefosolutions.com<\/li>\n<li class=\"bullet-arrow\"><strong>Telefone de contato<\/strong>: +34 644 441 092<\/li>\n<\/ul>\n<h4>FINALIDADES DO TRATAMENTO DE DADOS PESSOAIS<\/h4>\n<p>Os dados pessoais s\u00e3o necess\u00e1rios para realizar consultas atrav\u00e9s do nosso formul\u00e1rio de contato, bem como para contratar os nossos servi\u00e7os atrav\u00e9s do formul\u00e1rio de reservas correspondente.<\/p>\n<p>Os usu\u00e1rios que acessam o site corporativo e voluntariamente fornecem informa\u00e7\u00f5es pessoais para navegar no site ou utilizar algum servi\u00e7o que exija a comunica\u00e7\u00e3o de dados \u00e0 EMPRESA, ficam informados das seguintes finalidades do tratamento dos dados pessoais dos usu\u00e1rios, que a EMPRESA poder\u00e1 realizar:<\/p>\n<ol>\n<li class=\"bullet-arrow\"><strong>Prestar os nossos servi\u00e7os<\/strong>.<br \/>\n<strong>Realizar a gest\u00e3o comercial e administrativa<\/strong> dos dados fornecidos.<br \/>\n<strong>Formul\u00e1rio de contato<\/strong>: Quando o usu\u00e1rio utiliza os servi\u00e7os habilitados para esse fim para entrar em contato com A EMPRESA (por meio de formul\u00e1rios, telefone ou e-mail), A EMPRESA tratar\u00e1 seus dados pessoais para atender e gerenciar a resposta \u00e0 comunica\u00e7\u00e3o realizada pelo usu\u00e1rio.<\/li>\n<\/ol>\n<p>O envio de dados pessoais \u00e9 obrigat\u00f3rio para entrar em contato e realizar opera\u00e7\u00f5es comerciais com a EMPRESA. Da mesma forma, n\u00e3o fornecer os dados pessoais solicitados ou n\u00e3o aceitar a presente pol\u00edtica de prote\u00e7\u00e3o de dados implica a impossibilidade de processar as solicita\u00e7\u00f5es feitas atrav\u00e9s deste site.<\/p>\n<p>Os dados pessoais fornecidos ser\u00e3o conservados enquanto o interessado n\u00e3o solicitar a sua supress\u00e3o ou cancelamento e desde que sejam adequados, pertinentes e limitados ao necess\u00e1rio para os fins para os quais s\u00e3o tratados. Neste caso, os dados fornecidos ser\u00e3o conservados enquanto se mantiver a rela\u00e7\u00e3o contratual ou durante o per\u00edodo necess\u00e1rio para cumprir as obriga\u00e7\u00f5es legais. \u00c9 garantido um tratamento de dados leal e transparente.<\/p>\n<p>Utilizamos as contas do Facebook e Instagram para informar sobre as nossas atividades e interagir com os nossos seguidores. O acesso e uso das p\u00e1ginas oficiais da EMPRESA est\u00e3o sujeitos ao cumprimento das condi\u00e7\u00f5es estabelecidas pelos titulares da plataforma do servi\u00e7o das referidas redes sociais.<\/p>\n<h4>LEGITIMIDADE OU BASE JUR\u00cdDICA DO TRATAMENTO<\/h4>\n<p>A base jur\u00eddica para o tratamento dos dados recolhidos atrav\u00e9s do site pela EMPRESA ser\u00e1 a seguinte:<\/p>\n<ul>\n<li class=\"bullet-arrow\">No caso da recolha de dados atrav\u00e9s dos canais de contacto habilitados no site, incluindo os formul\u00e1rios de contacto e reservas, a base jur\u00eddica para o tratamento dos dados \u00e9 a obten\u00e7\u00e3o do consentimento do interessado ou utilizador para o tratamento dos seus dados.<br \/>\nPara tal, cada formul\u00e1rio incluir\u00e1 uma caixa de sele\u00e7\u00e3o na qual ser\u00e1 solicitado esse consentimento, informando sobre a exist\u00eancia do aviso legal e da presente pol\u00edtica de privacidade e facilitando o acesso a ambos.<\/li>\n<li class=\"bullet-arrow\">No caso de existir uma rela\u00e7\u00e3o contratual ou pr\u00e9-contratual entre A EMPRESA e o usu\u00e1rio, a base jur\u00eddica para o tratamento dos dados fornecidos ser\u00e1 legitimada nessa rela\u00e7\u00e3o, de modo que apenas ser\u00e3o recolhidos os dados necess\u00e1rios para sustentar essas rela\u00e7\u00f5es comerciais e contratuais.<\/li>\n<\/ul>\n<h4>CESS\u00c3O DOS DADOS PESSOAIS DO USU\u00c1RIO A TERCEIROS<\/h4>\n<p>Em nenhum caso cederemos seus dados a terceiros sem inform\u00e1-lo previamente e solicitar seu consentimento.<\/p>\n<p>A EMPRESA informa ao usu\u00e1rio que qualquer cess\u00e3o de dados que deva realizar ser\u00e1 levada ao seu conhecimento, informando-o de forma expressa, precisa e inequ\u00edvoca sobre os destinat\u00e1rios da informa\u00e7\u00e3o, a finalidade a que os dados se destinam e a natureza dos dados cedidos e, quando for o caso, quando a legisla\u00e7\u00e3o assim o estabelecer, ser\u00e1 previamente solicitado o consentimento expl\u00edcito, inequ\u00edvoco, espec\u00edfico e informado do usu\u00e1rio.<\/p>\n<h4>EXERC\u00cdCIO DOS DIREITOS DE ACESSO, RETIFICA\u00c7\u00c3O, CANCELAMENTO OU SUPRESS\u00c3O, OPOSI\u00c7\u00c3O, LIMITA\u00c7\u00c3O AO TRATAMENTO E PORTABILIDADE<\/h4>\n<p>Informamos que os direitos de acesso, retifica\u00e7\u00e3o, supress\u00e3o, limita\u00e7\u00e3o do tratamento ou oposi\u00e7\u00e3o ao tratamento, bem como o direito \u00e0 portabilidade dos dados, podem ser exercidos perante o Respons\u00e1vel pelo tratamento por qualquer meio sujeito \u00e0 lei, acompanhado de c\u00f3pia de documento oficial, enviando uma mensagem para o e-mail info@cannabiscup.systems, de acordo com os termos estabelecidos pela regulamenta\u00e7\u00e3o aplic\u00e1vel. Se considerar que o tratamento n\u00e3o est\u00e1 em conformidade com a regulamenta\u00e7\u00e3o em vigor, poder\u00e1 apresentar uma reclama\u00e7\u00e3o \u00e0 autoridade de controlo em agpd.es.<\/p>\n<p>O pedido deve conter o nome, apelidos do interessado, c\u00f3pia do documento de identifica\u00e7\u00e3o e, nos casos em que for admiss\u00edvel, da pessoa que o representa, bem como documento comprovativo da representa\u00e7\u00e3o, pedido em que se especifica o requerimento, endere\u00e7o para efeitos de notifica\u00e7\u00f5es, data e assinatura do requerente e documentos comprovativos do pedido que formula. Se o pedido n\u00e3o cumprir os requisitos especificados, ser\u00e1 necess\u00e1ria a sua corre\u00e7\u00e3o. No que diz respeito ao direito de acesso, este s\u00f3 ser\u00e1 recusado quando o pedido for formulado por uma pessoa que n\u00e3o seja o interessado. N\u00e3o ser\u00e1 exigida qualquer contrapartida pelo exerc\u00edcio dos direitos.<\/p>\n<p>No caso de ter sido concedido o consentimento para alguma finalidade espec\u00edfica, pode-se exercer o direito de retirar tal consentimento a qualquer momento, sem que isso afete a legalidade do tratamento baseado no consentimento pr\u00e9vio \u00e0 sua retirada.<\/p>\n<p>O usu\u00e1rio fica informado do direito que lhe assiste de apresentar uma reclama\u00e7\u00e3o \u00e0 Ag\u00eancia Espanhola de Prote\u00e7\u00e3o de Dados (AEPD) e\/ou solicitar a sua tutela, em particular, quando o usu\u00e1rio considerar que n\u00e3o obteve satisfa\u00e7\u00e3o por parte da EMPRESA, no exerc\u00edcio dos seus direitos, atrav\u00e9s da sede eletr\u00f4nica do seu portal web (www.agpd.es), ou por escrito dirigido ao seu endere\u00e7o postal (C\/Jorge Juan, 6, 28001-Madrid).<\/p>\n<p>O Utilizador declara ter sido informado das condi\u00e7\u00f5es relativas \u00e0 Prote\u00e7\u00e3o de Dados Pessoais nos termos estabelecidos no Artigo 13.\u00ba do Regulamento (UE) 2016\/679 do Parlamento Europeu e do Conselho, relativo \u00e0 prote\u00e7\u00e3o das pessoas singulares no que diz respeito ao tratamento de dados pessoais, dando o seu consentimento para o tratamento dos seus dados pessoais em rela\u00e7\u00e3o \u00e0s finalidades acima descritas, da forma e para os fins indicados na presente Pol\u00edtica de Privacidade.<\/p>\n<p>A EMPRESA reserva-se o direito de modificar a sua pol\u00edtica de prote\u00e7\u00e3o de dados de acordo com o seu crit\u00e9rio, ou devido a uma altera\u00e7\u00e3o legislativa, jurisprudencial ou na pr\u00e1tica empresarial.<\/p>\n<p>Se A EMPRESA incluir alguma modifica\u00e7\u00e3o, o novo texto ser\u00e1 publicado neste mesmo site, onde o Usu\u00e1rio poder\u00e1 tomar conhecimento da pol\u00edtica de prote\u00e7\u00e3o de dados atual.<\/p>\n\t\t<\/div>\n\t\t\t\t\t<\/div>\n\n\t\n<\/div>\n\t\t<\/div>\n\n\t\t\n<style>\n#section_207245224 {\n  padding-top: 30px;\n  padding-bottom: 30px;\n  background-color: rgba(0, 0, 0, 0.866);\n}\n<\/style>\n\t<\/section>\n\t\n","protected":false},"excerpt":{"rendered":"","protected":false},"author":1,"featured_media":0,"parent":0,"menu_order":11,"comment_status":"closed","ping_status":"closed","template":"page-blank.php","meta":{"footnotes":""},"class_list":["post-296","page","type-page","status-publish","hentry"],"_links":{"self":[{"href":"https:\/\/cannabiscup.systems\/pt-br\/wp-json\/wp\/v2\/pages\/296","targetHints":{"allow":["GET"]}}],"collection":[{"href":"https:\/\/cannabiscup.systems\/pt-br\/wp-json\/wp\/v2\/pages"}],"about":[{"href":"https:\/\/cannabiscup.systems\/pt-br\/wp-json\/wp\/v2\/types\/page"}],"author":[{"embeddable":true,"href":"https:\/\/cannabiscup.systems\/pt-br\/wp-json\/wp\/v2\/users\/1"}],"replies":[{"embeddable":true,"href":"https:\/\/cannabiscup.systems\/pt-br\/wp-json\/wp\/v2\/comments?post=296"}],"version-history":[{"count":2,"href":"https:\/\/cannabiscup.systems\/pt-br\/wp-json\/wp\/v2\/pages\/296\/revisions"}],"predecessor-version":[{"id":298,"href":"https:\/\/cannabiscup.systems\/pt-br\/wp-json\/wp\/v2\/pages\/296\/revisions\/298"}],"wp:attachment":[{"href":"https:\/\/cannabiscup.systems\/pt-br\/wp-json\/wp\/v2\/media?parent=296"}],"curies":[{"name":"wp","href":"https:\/\/api.w.org\/{rel}","templated":true}]}}